{"id":418,"date":"2020-08-24T07:36:39","date_gmt":"2020-08-24T07:36:39","guid":{"rendered":"http:\/\/isabellefaure-ccf.fr\/index.php\/events\/"},"modified":"2021-07-08T18:55:53","modified_gmt":"2021-07-08T18:55:53","slug":"events","status":"publish","type":"page","link":"https:\/\/isabellefaure-ccf.fr\/index.php\/events\/","title":{"rendered":"Que propose la Conseill\u00e8re Conjugale et Familiale ?"},"content":{"rendered":"\n<div class=\"wp-block-cover alignfull has-background-dim-30 has-black-background-color has-background-dim has-parallax is-position-center-center\" style=\"background-image:url(http:\/\/isabellefaure-ccf.fr\/wp-content\/uploads\/2021\/06\/bluest-blue-sky-with-birds-flying-together-in-a-fo-G28GABC_small.jpg);min-height:850px;aspect-ratio:unset;\"><div class=\"wp-block-cover__inner-container is-layout-flow wp-block-cover-is-layout-flow\">\n<h1 class=\"has-white-color has-text-color wp-block-heading\">Que propose la Conseill\u00e8re Conjugale et Familiale ?<\/h1>\n<\/div><\/div>\n\n\n\n<div class=\"wp-block-group alignfull has-background\" style=\"background-color:#fbf7f7\"><div class=\"wp-block-group__inner-container is-layout-flow wp-block-group-is-layout-flow\">\n<div class=\"wp-block-columns alignwide is-layout-flex wp-container-core-columns-is-layout-9d6595d7 wp-block-columns-is-layout-flex\">\n<div class=\"wp-block-column is-layout-flow wp-block-column-is-layout-flow\">\n<hr class=\"wp-block-separator is-style-wide\"\/>\n\n\n\n<h4 class=\"wp-block-heading\">Que vous soyez seul(e) ou en couple, je vous propose un temps de parole et d\u2019\u00e9coute respectueuse et bienveillante.<\/h4>\n\n\n\n<p>Les moments de doute, de crise, de mal \u00eatre sont des \u00e9tapes souvent difficiles.<br>Je vous accompagne pour prendre du recul, pour comprendre les m\u00e9canismes en place et pour vous aider \u00e0 mettre en \u0153uvre vos ressources, vos forces.<br>Je vous accompagne pour enclencher les actions qui vous conduiront vers un mieux-\u00eatre, vers une situation plus facile \u00e0 vivre.<br>Ensemble, nous tracerons un chemin qui pourrait conduire vers :<\/p>\n\n\n\n<ul class=\"wp-block-list\"><li>un souffle nouveau<\/li><li>une sexualit\u00e9 \u00e9panouie<\/li><li>une vie relationnelle, affective enrichie<\/li><li>une communication retrouv\u00e9e<\/li><li>une gestion positive des conflits<\/li><li>une adolescence apais\u00e9e<\/li><li>un mieux-\u00eatre personnel<\/li><\/ul>\n\n\n\n<p><\/p>\n<\/div>\n<\/div>\n<\/div><\/div>\n\n\n\n<div class=\"wp-block-cover has-white-background-color\"><img loading=\"lazy\" decoding=\"async\" width=\"1024\" height=\"682\" class=\"wp-block-cover__image-background wp-image-650\" alt=\"\" src=\"https:\/\/i1.wp.com\/isabellefaure-ccf.fr\/wp-content\/uploads\/2021\/06\/senior-man-holding-young-green-plant-in-hands-R9X7UKP_small.jpg?resize=1024%2C682\" style=\"object-position:37% 57%\" data-object-fit=\"cover\" data-object-position=\"37% 57%\" srcset=\"https:\/\/i1.wp.com\/isabellefaure-ccf.fr\/wp-content\/uploads\/2021\/06\/senior-man-holding-young-green-plant-in-hands-R9X7UKP_small.jpg?resize=1024%2C682&amp;ssl=1 1024w, https:\/\/i1.wp.com\/isabellefaure-ccf.fr\/wp-content\/uploads\/2021\/06\/senior-man-holding-young-green-plant-in-hands-R9X7UKP_small.jpg?resize=300%2C200&amp;ssl=1 300w, https:\/\/i1.wp.com\/isabellefaure-ccf.fr\/wp-content\/uploads\/2021\/06\/senior-man-holding-young-green-plant-in-hands-R9X7UKP_small.jpg?resize=768%2C512&amp;ssl=1 768w, https:\/\/i1.wp.com\/isabellefaure-ccf.fr\/wp-content\/uploads\/2021\/06\/senior-man-holding-young-green-plant-in-hands-R9X7UKP_small.jpg?resize=1536%2C1024&amp;ssl=1 1536w, https:\/\/i1.wp.com\/isabellefaure-ccf.fr\/wp-content\/uploads\/2021\/06\/senior-man-holding-young-green-plant-in-hands-R9X7UKP_small.jpg?w=2000&amp;ssl=1 2000w\" sizes=\"auto, (max-width: 1000px) 100vw, 1000px\" data-recalc-dims=\"1\" \/><div class=\"wp-block-cover__inner-container is-layout-flow wp-block-cover-is-layout-flow\">\n<figure class=\"wp-block-pullquote alignwide is-style-solid-color\"><blockquote class=\"has-text-color has-white-color\"><p>\u00ab <strong>Les personnes ont en elles de vastes ressources pour se comprendre et changer de mani\u00e8re constructive leur fa\u00e7on d\u2019\u00eatre et de se comporter. \u00bb<\/strong> <\/p><cite><em>Carl Rogers<\/em><\/cite><\/blockquote><\/figure>\n<\/div><\/div>\n\n\n\n\n\n<p>&nbsp;<\/p>\n","protected":false},"excerpt":{"rendered":"<p>Que vous soyez seul(e) ou en couple, je vous propose un temps de parole et d\u2019\u00e9coute respectueuse et bienveillante. Les moments de doute, de crise, de mal \u00eatre sont des \u00e9tapes souvent difficiles.Je vous accompagne pour prendre du recul, pour comprendre les m\u00e9canismes en place et pour vous aider \u00e0 mettre en \u0153uvre vos ressources, &hellip;<\/p>\n<p class=\"read-more\"> <a class=\"\" href=\"https:\/\/isabellefaure-ccf.fr\/index.php\/events\/\"> <span class=\"screen-reader-text\">Que propose la Conseill\u00e8re Conjugale et Familiale ?<\/span> Lire la suite\u00a0\u00bb<\/a><\/p>\n","protected":false},"author":2,"featured_media":0,"parent":0,"menu_order":0,"comment_status":"closed","ping_status":"closed","template":"","meta":{"om_disable_all_campaigns":false,"_monsterinsights_skip_tracking":false,"_monsterinsights_sitenote_active":false,"_monsterinsights_sitenote_note":"","_monsterinsights_sitenote_category":0,"spay_email":"","footnotes":""},"class_list":["post-418","page","type-page","status-publish","hentry"],"_links":{"self":[{"href":"https:\/\/isabellefaure-ccf.fr\/index.php\/wp-json\/wp\/v2\/pages\/418","targetHints":{"allow":["GET"]}}],"collection":[{"href":"https:\/\/isabellefaure-ccf.fr\/index.php\/wp-json\/wp\/v2\/pages"}],"about":[{"href":"https:\/\/isabellefaure-ccf.fr\/index.php\/wp-json\/wp\/v2\/types\/page"}],"author":[{"embeddable":true,"href":"https:\/\/isabellefaure-ccf.fr\/index.php\/wp-json\/wp\/v2\/users\/2"}],"replies":[{"embeddable":true,"href":"https:\/\/isabellefaure-ccf.fr\/index.php\/wp-json\/wp\/v2\/comments?post=418"}],"version-history":[{"count":29,"href":"https:\/\/isabellefaure-ccf.fr\/index.php\/wp-json\/wp\/v2\/pages\/418\/revisions"}],"predecessor-version":[{"id":779,"href":"https:\/\/isabellefaure-ccf.fr\/index.php\/wp-json\/wp\/v2\/pages\/418\/revisions\/779"}],"wp:attachment":[{"href":"https:\/\/isabellefaure-ccf.fr\/index.php\/wp-json\/wp\/v2\/media?parent=418"}],"curies":[{"name":"wp","href":"https:\/\/api.w.org\/{rel}","templated":true}]}}