{"id":403,"date":"2020-08-24T07:20:37","date_gmt":"2020-08-24T07:20:37","guid":{"rendered":"http:\/\/isabellefaure-ccf.fr\/index.php\/what-we-do\/"},"modified":"2021-07-08T19:10:32","modified_gmt":"2021-07-08T19:10:32","slug":"what-we-do","status":"publish","type":"page","link":"https:\/\/isabellefaure-ccf.fr\/index.php\/what-we-do\/","title":{"rendered":"La Conseill\u00e8re Conjugale et Familiale &#8230; pour qui ?"},"content":{"rendered":"\n<div class=\"wp-block-cover alignfull has-background-dim-10 has-black-background-color has-background-dim has-parallax is-position-center-center\" style=\"background-image:url(http:\/\/isabellefaure-ccf.fr\/wp-content\/uploads\/2021\/06\/a-silhouette-of-group-people-have-fun-at-the-top-o-KG43RLV_small.jpg);min-height:850px;aspect-ratio:unset;\"><div class=\"wp-block-cover__inner-container is-layout-flow wp-block-cover-is-layout-flow\">\n<h1 class=\"has-white-color has-text-color wp-block-heading\">La Conseill\u00e8re Conjugale et Familiale &#8230; pour qui&nbsp;?<\/h1>\n<\/div><\/div>\n\n\n\n<div class=\"wp-block-group alignfull has-background\" style=\"background-color:#fbf7f7\"><div class=\"wp-block-group__inner-container is-layout-flow wp-block-group-is-layout-flow\">\n<p class=\"has-large-font-size\">Le Conseil Conjugal et Familial\u2026<br>C\u2019est aussi pour vous !<\/p>\n\n\n\n<hr class=\"wp-block-separator is-style-wide\"\/>\n<\/div><\/div>\n\n\n\n<div class=\"wp-block-group alignfull has-white-background-color has-background\"><div class=\"wp-block-group__inner-container is-layout-flow wp-block-group-is-layout-flow\">\n<div class=\"wp-block-columns alignwide is-layout-flex wp-container-core-columns-is-layout-9d6595d7 wp-block-columns-is-layout-flex\">\n<div class=\"wp-block-column is-layout-flow wp-block-column-is-layout-flow\">\n<figure class=\"wp-block-image size-large\"><img loading=\"lazy\" decoding=\"async\" width=\"1024\" height=\"682\" src=\"https:\/\/i2.wp.com\/isabellefaure-ccf.fr\/wp-content\/uploads\/2021\/06\/happy-senior-man-in-glasses-sitting-at-summer-park-PS58HLM_small.jpg?resize=1024%2C682\" alt=\"\" class=\"wp-image-641\" srcset=\"https:\/\/i2.wp.com\/isabellefaure-ccf.fr\/wp-content\/uploads\/2021\/06\/happy-senior-man-in-glasses-sitting-at-summer-park-PS58HLM_small.jpg?resize=1024%2C682&amp;ssl=1 1024w, https:\/\/i2.wp.com\/isabellefaure-ccf.fr\/wp-content\/uploads\/2021\/06\/happy-senior-man-in-glasses-sitting-at-summer-park-PS58HLM_small.jpg?resize=300%2C200&amp;ssl=1 300w, https:\/\/i2.wp.com\/isabellefaure-ccf.fr\/wp-content\/uploads\/2021\/06\/happy-senior-man-in-glasses-sitting-at-summer-park-PS58HLM_small.jpg?resize=768%2C512&amp;ssl=1 768w, https:\/\/i2.wp.com\/isabellefaure-ccf.fr\/wp-content\/uploads\/2021\/06\/happy-senior-man-in-glasses-sitting-at-summer-park-PS58HLM_small.jpg?resize=1536%2C1024&amp;ssl=1 1536w, https:\/\/i2.wp.com\/isabellefaure-ccf.fr\/wp-content\/uploads\/2021\/06\/happy-senior-man-in-glasses-sitting-at-summer-park-PS58HLM_small.jpg?w=2000&amp;ssl=1 2000w\" sizes=\"auto, (max-width: 1000px) 100vw, 1000px\" data-recalc-dims=\"1\" \/><\/figure>\n\n\n\n<p class=\"has-large-font-size\"><strong>Les c\u00e9libataires<\/strong><\/p>\n\n\n\n<hr class=\"wp-block-separator is-style-wide\"\/>\n\n\n\n<p>Vous \u00eates seul(e), c\u2019est votre choix ou cela est subi \u00e0 cause d\u2019un divorce, d\u2019une rupture, d\u2019un veuvage.<br>Il vous est difficile d\u2019\u00e9tablir des relations durables.<br>Vous vivez une p\u00e9riode de remise en question.<br>Les liens avec votre entourage ne sont pas satisfaisants.<br>Vous souhaitez clarifier une situation, embellir votre vie relationnelle, affective, sexuelle, familiale.<\/p>\n\n\n\n<p>Nos \u00e9changes vous accompagneront dans la compr\u00e9hension de votre histoire, dans la mise en mots de vos maux, dans l\u2019\u00e9laboration de changements qui donneront un nouvel \u00e9lan \u00e0 votre vie..<\/p>\n<\/div>\n\n\n\n<div class=\"wp-block-column is-layout-flow wp-block-column-is-layout-flow\">\n<figure class=\"wp-block-image size-large\"><img loading=\"lazy\" decoding=\"async\" width=\"1024\" height=\"682\" src=\"https:\/\/i0.wp.com\/isabellefaure-ccf.fr\/wp-content\/uploads\/2021\/06\/happy-amorous-couple-outdoors-DMANHVG_small.jpg?resize=1024%2C682\" alt=\"\" class=\"wp-image-642\" srcset=\"https:\/\/i0.wp.com\/isabellefaure-ccf.fr\/wp-content\/uploads\/2021\/06\/happy-amorous-couple-outdoors-DMANHVG_small.jpg?resize=1024%2C682&amp;ssl=1 1024w, https:\/\/i0.wp.com\/isabellefaure-ccf.fr\/wp-content\/uploads\/2021\/06\/happy-amorous-couple-outdoors-DMANHVG_small.jpg?resize=300%2C200&amp;ssl=1 300w, https:\/\/i0.wp.com\/isabellefaure-ccf.fr\/wp-content\/uploads\/2021\/06\/happy-amorous-couple-outdoors-DMANHVG_small.jpg?resize=768%2C512&amp;ssl=1 768w, https:\/\/i0.wp.com\/isabellefaure-ccf.fr\/wp-content\/uploads\/2021\/06\/happy-amorous-couple-outdoors-DMANHVG_small.jpg?resize=1536%2C1024&amp;ssl=1 1536w, https:\/\/i0.wp.com\/isabellefaure-ccf.fr\/wp-content\/uploads\/2021\/06\/happy-amorous-couple-outdoors-DMANHVG_small.jpg?w=2000&amp;ssl=1 2000w\" sizes=\"auto, (max-width: 1000px) 100vw, 1000px\" data-recalc-dims=\"1\" \/><\/figure>\n\n\n\n<p class=\"has-large-font-size\"><strong><strong>Les couples&nbsp;<\/strong><\/strong><\/p>\n\n\n\n<hr class=\"wp-block-separator is-style-wide\"\/>\n\n\n\n<p>Et si vous osiez parler de votre histoire, de vos difficult\u00e9s, de vos incompr\u00e9hensions?<\/p>\n\n\n\n<p>Il est difficile de faire ce pas quand le couple est en souffrance.<br>Pourtant une telle d\u00e9marche offre souvent de nouvelles possibilit\u00e9s et permet souvent de r\u00e9tablir le dialogue.<\/p>\n\n\n\n<p>Il arrive dans nos parcours de vie des moments d\u2019incertitude, des moments de crise, d\u2019insatisfaction sexuelle, de frustration, etc.<\/p>\n\n\n\n<p>Dans ces instants difficiles, une \u00e9coute bienveillante, professionnelle aide \u00e0 clarifier la situation et \u00e0 prendre du recul.<br>Il devient alors possible de faire entendre les non-dits, la souffrance qui se cache parfois dans l\u2019agressivit\u00e9 ou l\u2019indiff\u00e9rence.<\/p>\n\n\n\n<p>Je vous accompagne pour comprendre les engrenages en mouvement dans le couple et pour vous aider \u00e0 mettre en \u0153uvre vos ressources.<\/p>\n\n\n\n<p>Ensemble nous verrons comment comprendre votre conjoint, ses diff\u00e9rences, ses besoins et aussi les v\u00f4tres, comment retrouver une communication peut-\u00eatre disparue.<br>Ensemble nous verrons comment vous pouvez reprendre votre vie en main et trouver les r\u00e9ponses qui vous conviennent, comment favoriser la prise de d\u00e9cision ou de changements n\u00e9cessaires \u00e0 votre couple.<\/p>\n<\/div>\n<\/div>\n\n\n\n<div style=\"height:30px\" aria-hidden=\"true\" class=\"wp-block-spacer\"><\/div>\n\n\n\n<div class=\"wp-block-columns alignwide is-layout-flex wp-container-core-columns-is-layout-9d6595d7 wp-block-columns-is-layout-flex\">\n<div class=\"wp-block-column is-layout-flow wp-block-column-is-layout-flow\">\n<figure class=\"wp-block-image size-large\"><img loading=\"lazy\" decoding=\"async\" width=\"1024\" height=\"682\" src=\"https:\/\/i0.wp.com\/isabellefaure-ccf.fr\/wp-content\/uploads\/2021\/06\/teenager-on-green-lawn-P3YGXCK_small.jpg?resize=1024%2C682\" alt=\"\" class=\"wp-image-643\" srcset=\"https:\/\/i0.wp.com\/isabellefaure-ccf.fr\/wp-content\/uploads\/2021\/06\/teenager-on-green-lawn-P3YGXCK_small.jpg?resize=1024%2C682&amp;ssl=1 1024w, https:\/\/i0.wp.com\/isabellefaure-ccf.fr\/wp-content\/uploads\/2021\/06\/teenager-on-green-lawn-P3YGXCK_small.jpg?resize=300%2C200&amp;ssl=1 300w, https:\/\/i0.wp.com\/isabellefaure-ccf.fr\/wp-content\/uploads\/2021\/06\/teenager-on-green-lawn-P3YGXCK_small.jpg?resize=768%2C512&amp;ssl=1 768w, https:\/\/i0.wp.com\/isabellefaure-ccf.fr\/wp-content\/uploads\/2021\/06\/teenager-on-green-lawn-P3YGXCK_small.jpg?resize=1536%2C1024&amp;ssl=1 1536w, https:\/\/i0.wp.com\/isabellefaure-ccf.fr\/wp-content\/uploads\/2021\/06\/teenager-on-green-lawn-P3YGXCK_small.jpg?w=2000&amp;ssl=1 2000w\" sizes=\"auto, (max-width: 1000px) 100vw, 1000px\" data-recalc-dims=\"1\" \/><\/figure>\n\n\n\n<hr class=\"wp-block-separator is-style-wide\"\/>\n<\/div>\n\n\n\n<div class=\"wp-block-column is-layout-flow wp-block-column-is-layout-flow\">\n<p class=\"has-large-font-size\"><strong><strong><strong>Les adolescents et jeunes adultes<\/strong><\/strong><\/strong><\/p>\n\n\n\n<hr class=\"wp-block-separator is-style-wide\"\/>\n\n\n\n<p>Il arrive souvent que les adolescents, les jeunes adultes cachent leur souffrance, leur manque de confiance en eux, leur solitude, leurs difficult\u00e9s amoureuses, relationnelles, derri\u00e8re de nombreux masques :<\/p>\n\n\n\n<ul class=\"wp-block-list\"><li>l\u2019indiff\u00e9rence face aux membres de la famille, face aux enjeux de la scolarit\u00e9.<\/li><li>la violence dans les paroles et \/ou le comportement.<\/li><li>les conduites \u00e0 risques avec l\u2019usage de substances, les comportements dangereux sur la route, les pratiques sportives, les comportements sexuels.<\/li><\/ul>\n\n\n\n<p>Un regard ext\u00e9rieur, neutre et bienveillant peut les aider \u00e0 oser parler de ce qu\u2019ils n\u2019osent pas dire sans se sentir g\u00ean\u00e9s.<br>Ayant travaill\u00e9 20 ans aupr\u00e8s d\u2019adolescents, j\u2019ai appris \u00e0 les \u00e9couter et \u00e0 cr\u00e9er un climat de confiance. Nos \u00e9changes peuvent me permettre de les accompagner dans leurs diff\u00e9rentes interrogations et aussi dans leurs peurs rarement avou\u00e9es.<\/p>\n<\/div>\n<\/div>\n<\/div><\/div>\n\n\n","protected":false},"excerpt":{"rendered":"<p>Le Conseil Conjugal et Familial\u2026C\u2019est aussi pour vous ! Les c\u00e9libataires Vous \u00eates seul(e), c\u2019est votre choix ou cela est subi \u00e0 cause d\u2019un divorce, d\u2019une rupture, d\u2019un veuvage.Il vous est difficile d\u2019\u00e9tablir des relations durables.Vous vivez une p\u00e9riode de remise en question.Les liens avec votre entourage ne sont pas satisfaisants.Vous souhaitez clarifier une situation, &hellip;<\/p>\n<p class=\"read-more\"> <a class=\"\" href=\"https:\/\/isabellefaure-ccf.fr\/index.php\/what-we-do\/\"> <span class=\"screen-reader-text\">La Conseill\u00e8re Conjugale et Familiale &#8230; pour qui ?<\/span> Lire la suite\u00a0\u00bb<\/a><\/p>\n","protected":false},"author":2,"featured_media":0,"parent":0,"menu_order":0,"comment_status":"closed","ping_status":"closed","template":"","meta":{"om_disable_all_campaigns":false,"_monsterinsights_skip_tracking":false,"_monsterinsights_sitenote_active":false,"_monsterinsights_sitenote_note":"","_monsterinsights_sitenote_category":0,"spay_email":"","footnotes":""},"class_list":["post-403","page","type-page","status-publish","hentry"],"_links":{"self":[{"href":"https:\/\/isabellefaure-ccf.fr\/index.php\/wp-json\/wp\/v2\/pages\/403","targetHints":{"allow":["GET"]}}],"collection":[{"href":"https:\/\/isabellefaure-ccf.fr\/index.php\/wp-json\/wp\/v2\/pages"}],"about":[{"href":"https:\/\/isabellefaure-ccf.fr\/index.php\/wp-json\/wp\/v2\/types\/page"}],"author":[{"embeddable":true,"href":"https:\/\/isabellefaure-ccf.fr\/index.php\/wp-json\/wp\/v2\/users\/2"}],"replies":[{"embeddable":true,"href":"https:\/\/isabellefaure-ccf.fr\/index.php\/wp-json\/wp\/v2\/comments?post=403"}],"version-history":[{"count":14,"href":"https:\/\/isabellefaure-ccf.fr\/index.php\/wp-json\/wp\/v2\/pages\/403\/revisions"}],"predecessor-version":[{"id":782,"href":"https:\/\/isabellefaure-ccf.fr\/index.php\/wp-json\/wp\/v2\/pages\/403\/revisions\/782"}],"wp:attachment":[{"href":"https:\/\/isabellefaure-ccf.fr\/index.php\/wp-json\/wp\/v2\/media?parent=403"}],"curies":[{"name":"wp","href":"https:\/\/api.w.org\/{rel}","templated":true}]}}