{"id":357,"date":"2020-08-24T06:54:14","date_gmt":"2020-08-24T06:54:14","guid":{"rendered":"http:\/\/isabellefaure-ccf.fr\/index.php\/about-us\/"},"modified":"2021-07-08T19:30:20","modified_gmt":"2021-07-08T19:30:20","slug":"about-us","status":"publish","type":"page","link":"https:\/\/isabellefaure-ccf.fr\/index.php\/about-us\/","title":{"rendered":"Vous avez dit CCF ?"},"content":{"rendered":"\n<div class=\"wp-block-cover alignfull has-background-dim-30 has-black-background-color has-background-dim has-parallax is-position-center-center\" style=\"background-image:url(http:\/\/isabellefaure-ccf.fr\/wp-content\/uploads\/2021\/06\/red-wood-heart-in-child-hands-S23QLQ9_small.jpg);min-height:850px;aspect-ratio:unset;\"><div class=\"wp-block-cover__inner-container is-layout-flow wp-block-cover-is-layout-flow\">\n<h2 class=\"has-text-align-center has-white-color has-text-color wp-block-heading\">Vous avez dit <\/h2>\n\n\n\n<h2 class=\"has-text-align-center has-white-color has-text-color wp-block-heading\">\u00ab&nbsp;Conseill\u00e8re Conjugale et Familiale&nbsp;\u00bb&nbsp;?<\/h2>\n<\/div><\/div>\n\n\n\n<div class=\"wp-block-group alignfull has-background\" style=\"background-color:#fbf7f7\"><div class=\"wp-block-group__inner-container is-layout-flow wp-block-group-is-layout-flow\">\n<h2 class=\"wp-block-heading\">Ce qu&rsquo;elle est : <\/h2>\n\n\n\n<hr class=\"wp-block-separator is-style-wide\"\/>\n\n\n\n<div class=\"wp-block-columns alignwide is-layout-flex wp-container-core-columns-is-layout-9d6595d7 wp-block-columns-is-layout-flex\">\n<div class=\"wp-block-column is-layout-flow wp-block-column-is-layout-flow\">\n<p class=\"has-medium-font-size\">La Conseill\u00e8re Conjugale et Familiale est une professionnelle de l\u2019\u00e9coute et de la relation d\u2019aide qui vous propose un espace de dialogue dans un cadre s\u00e9curis\u00e9, respectueux et confidentiel.<\/p>\n<\/div>\n\n\n\n<div class=\"wp-block-column is-layout-flow wp-block-column-is-layout-flow\">\n<p class=\"has-medium-font-size\">Son r\u00f4le et donc le mien :<br>Vous aider \u00e0 r\u00e9fl\u00e9chir sur votre situation, \u00e0 mettre des mots sur les difficult\u00e9s, \u00e0 clarifier vos sentiments et aussi vos attentes, \u00e0 \u00e9clairer les d\u00e9cisions que vous souhaitez prendre.<\/p>\n<\/div>\n<\/div>\n<\/div><\/div>\n\n\n\n<div class=\"wp-block-group alignfull\"><div class=\"wp-block-group__inner-container is-layout-flow wp-block-group-is-layout-flow\">\n<div class=\"wp-block-media-text alignfull has-media-on-the-right is-stacked-on-mobile is-vertically-aligned-center\" style=\"grid-template-columns:auto 60%\"><figure class=\"wp-block-media-text__media\"><img loading=\"lazy\" decoding=\"async\" width=\"1024\" height=\"682\" src=\"https:\/\/i1.wp.com\/isabellefaure-ccf.fr\/wp-content\/uploads\/2021\/06\/romantic-time-in-the-rain-L6HDGQF_small.jpg?resize=1024%2C682\" alt=\"\" class=\"wp-image-631 size-full\" srcset=\"https:\/\/i1.wp.com\/isabellefaure-ccf.fr\/wp-content\/uploads\/2021\/06\/romantic-time-in-the-rain-L6HDGQF_small.jpg?resize=1024%2C682&amp;ssl=1 1024w, https:\/\/i1.wp.com\/isabellefaure-ccf.fr\/wp-content\/uploads\/2021\/06\/romantic-time-in-the-rain-L6HDGQF_small.jpg?resize=300%2C200&amp;ssl=1 300w, https:\/\/i1.wp.com\/isabellefaure-ccf.fr\/wp-content\/uploads\/2021\/06\/romantic-time-in-the-rain-L6HDGQF_small.jpg?resize=768%2C512&amp;ssl=1 768w, https:\/\/i1.wp.com\/isabellefaure-ccf.fr\/wp-content\/uploads\/2021\/06\/romantic-time-in-the-rain-L6HDGQF_small.jpg?resize=1536%2C1024&amp;ssl=1 1536w, https:\/\/i1.wp.com\/isabellefaure-ccf.fr\/wp-content\/uploads\/2021\/06\/romantic-time-in-the-rain-L6HDGQF_small.jpg?w=2000&amp;ssl=1 2000w\" sizes=\"auto, (max-width: 1000px) 100vw, 1000px\" data-recalc-dims=\"1\" \/><\/figure><div class=\"wp-block-media-text__content\">\n<p class=\"has-medium-font-size\">\u00ab La vie, ce n\u2019est pas d\u2019attendre que les orages passent, c\u2019est d\u2019apprendre comment danser sous la pluie. \u00bb<br><\/p>\n\n\n\n<hr class=\"wp-block-separator is-style-wide\"\/>\n\n\n\n<p><\/p>\n<\/div><\/div>\n\n\n\n<p><\/p>\n<\/div><\/div>\n","protected":false},"excerpt":{"rendered":"<p>Ce qu&rsquo;elle est : La Conseill\u00e8re Conjugale et Familiale est une professionnelle de l\u2019\u00e9coute et de la relation d\u2019aide qui vous propose un espace de dialogue dans un cadre s\u00e9curis\u00e9, respectueux et confidentiel. Son r\u00f4le et donc le mien :Vous aider \u00e0 r\u00e9fl\u00e9chir sur votre situation, \u00e0 mettre des mots sur les difficult\u00e9s, \u00e0 clarifier &hellip;<\/p>\n<p class=\"read-more\"> <a class=\"\" href=\"https:\/\/isabellefaure-ccf.fr\/index.php\/about-us\/\"> <span class=\"screen-reader-text\">Vous avez dit CCF ?<\/span> Lire la suite\u00a0\u00bb<\/a><\/p>\n","protected":false},"author":2,"featured_media":0,"parent":0,"menu_order":0,"comment_status":"closed","ping_status":"closed","template":"","meta":{"om_disable_all_campaigns":false,"_monsterinsights_skip_tracking":false,"_monsterinsights_sitenote_active":false,"_monsterinsights_sitenote_note":"","_monsterinsights_sitenote_category":0,"spay_email":"","footnotes":""},"class_list":["post-357","page","type-page","status-publish","hentry"],"_links":{"self":[{"href":"https:\/\/isabellefaure-ccf.fr\/index.php\/wp-json\/wp\/v2\/pages\/357","targetHints":{"allow":["GET"]}}],"collection":[{"href":"https:\/\/isabellefaure-ccf.fr\/index.php\/wp-json\/wp\/v2\/pages"}],"about":[{"href":"https:\/\/isabellefaure-ccf.fr\/index.php\/wp-json\/wp\/v2\/types\/page"}],"author":[{"embeddable":true,"href":"https:\/\/isabellefaure-ccf.fr\/index.php\/wp-json\/wp\/v2\/users\/2"}],"replies":[{"embeddable":true,"href":"https:\/\/isabellefaure-ccf.fr\/index.php\/wp-json\/wp\/v2\/comments?post=357"}],"version-history":[{"count":11,"href":"https:\/\/isabellefaure-ccf.fr\/index.php\/wp-json\/wp\/v2\/pages\/357\/revisions"}],"predecessor-version":[{"id":774,"href":"https:\/\/isabellefaure-ccf.fr\/index.php\/wp-json\/wp\/v2\/pages\/357\/revisions\/774"}],"wp:attachment":[{"href":"https:\/\/isabellefaure-ccf.fr\/index.php\/wp-json\/wp\/v2\/media?parent=357"}],"curies":[{"name":"wp","href":"https:\/\/api.w.org\/{rel}","templated":true}]}}