{"id":297,"date":"2020-08-24T04:53:52","date_gmt":"2020-08-24T04:53:52","guid":{"rendered":"http:\/\/isabellefaure-ccf.fr\/index.php\/home\/"},"modified":"2025-04-26T17:16:26","modified_gmt":"2025-04-26T17:16:26","slug":"home","status":"publish","type":"page","link":"https:\/\/isabellefaure-ccf.fr\/","title":{"rendered":"Home"},"content":{"rendered":"\n<div class=\"wp-block-cover alignfull is-light\" style=\"min-height:800px;aspect-ratio:unset;\"><img loading=\"lazy\" decoding=\"async\" width=\"2560\" height=\"1707\" class=\"wp-block-cover__image-background wp-image-557\" alt=\"\" src=\"https:\/\/i2.wp.com\/isabellefaure-ccf.fr\/wp-content\/uploads\/2021\/06\/silhouette-of-giving-a-help-hand-hope-and-support-Q8W3AZ4-scaled.jpg?resize=2560%2C1707\" data-object-fit=\"cover\" srcset=\"https:\/\/i2.wp.com\/isabellefaure-ccf.fr\/wp-content\/uploads\/2021\/06\/silhouette-of-giving-a-help-hand-hope-and-support-Q8W3AZ4-scaled.jpg?w=2560&amp;ssl=1 2560w, https:\/\/i2.wp.com\/isabellefaure-ccf.fr\/wp-content\/uploads\/2021\/06\/silhouette-of-giving-a-help-hand-hope-and-support-Q8W3AZ4-scaled.jpg?resize=300%2C200&amp;ssl=1 300w, https:\/\/i2.wp.com\/isabellefaure-ccf.fr\/wp-content\/uploads\/2021\/06\/silhouette-of-giving-a-help-hand-hope-and-support-Q8W3AZ4-scaled.jpg?resize=1024%2C683&amp;ssl=1 1024w, https:\/\/i2.wp.com\/isabellefaure-ccf.fr\/wp-content\/uploads\/2021\/06\/silhouette-of-giving-a-help-hand-hope-and-support-Q8W3AZ4-scaled.jpg?resize=768%2C512&amp;ssl=1 768w, https:\/\/i2.wp.com\/isabellefaure-ccf.fr\/wp-content\/uploads\/2021\/06\/silhouette-of-giving-a-help-hand-hope-and-support-Q8W3AZ4-scaled.jpg?resize=1536%2C1024&amp;ssl=1 1536w, https:\/\/i2.wp.com\/isabellefaure-ccf.fr\/wp-content\/uploads\/2021\/06\/silhouette-of-giving-a-help-hand-hope-and-support-Q8W3AZ4-scaled.jpg?resize=2048%2C1365&amp;ssl=1 2048w\" sizes=\"auto, (max-width: 1000px) 100vw, 1000px\" data-recalc-dims=\"1\" \/><span aria-hidden=\"true\" class=\"wp-block-cover__background has-background-dim-0 has-background-dim\"><\/span><div class=\"wp-block-cover__inner-container is-layout-flow wp-block-cover-is-layout-flow\">\n<h2 class=\"wp-block-heading has-text-align-center has-black-color has-text-color\"><strong>Isabelle Faure<\/strong><\/h2>\n\n\n\n<h3 class=\"wp-block-heading has-text-align-center has-black-color has-text-color\"><strong>Conseill\u00e8re Conjugale et Familiale<\/strong><br><strong>Sexoth\u00e9rapeute<\/strong><\/h3>\n\n\n\n<p><\/p>\n\n\n\n<p class=\"has-large-font-size\">&nbsp;<\/p>\n\n\n\n<h4 class=\"wp-block-heading has-text-align-center has-black-color has-text-color has-normal-font-size\"><em>\u00ab Tu reprendras confiance et l\u2019espoir rena\u00eetra. \u00bb<\/em> <\/h4>\n\n\n\n<p class=\"has-text-align-right has-black-color has-text-color has-medium-font-size\">Job 11 v.18 BDS<\/p>\n<\/div><\/div>\n\n\n\n<div class=\"wp-block-columns alignwide is-layout-flex wp-container-core-columns-is-layout-9d6595d7 wp-block-columns-is-layout-flex\">\n<div class=\"wp-block-column is-layout-flow wp-block-column-is-layout-flow\">\n<hr class=\"wp-block-separator has-css-opacity is-style-wide\"\/>\n\n\n\n<figure class=\"wp-block-image alignwide size-large is-style-default\"><img loading=\"lazy\" decoding=\"async\" width=\"1000\" height=\"667\" src=\"https:\/\/i2.wp.com\/isabellefaure-ccf.fr\/wp-content\/uploads\/2021\/06\/woman-sitting-alone-on-the-beach-ZTJ4RJV_small.jpg?resize=1000%2C667\" alt=\"\" class=\"wp-image-576\" srcset=\"https:\/\/i2.wp.com\/isabellefaure-ccf.fr\/wp-content\/uploads\/2021\/06\/woman-sitting-alone-on-the-beach-ZTJ4RJV_small.jpg?w=1000&amp;ssl=1 1000w, https:\/\/i2.wp.com\/isabellefaure-ccf.fr\/wp-content\/uploads\/2021\/06\/woman-sitting-alone-on-the-beach-ZTJ4RJV_small.jpg?resize=300%2C200&amp;ssl=1 300w, https:\/\/i2.wp.com\/isabellefaure-ccf.fr\/wp-content\/uploads\/2021\/06\/woman-sitting-alone-on-the-beach-ZTJ4RJV_small.jpg?resize=768%2C512&amp;ssl=1 768w\" sizes=\"auto, (max-width: 1000px) 100vw, 1000px\" data-recalc-dims=\"1\" \/><figcaption class=\"wp-element-caption\">Vous \u00eates c\u00e9libataires ou bien en couple, vous avez de 12 \u00e0 99 ans et \u2026<br>vous d\u00e9sirez clarifier une situation,<br>vous traversez une p\u00e9riode difficile,<br>vous souhaitez prendre du recul \u2026<br>vous \u00eates les bienvenus !<\/figcaption><\/figure>\n<\/div>\n\n\n\n<div class=\"wp-block-column is-layout-flow wp-block-column-is-layout-flow\">\n<hr class=\"wp-block-separator has-css-opacity is-style-wide\"\/>\n\n\n\n<figure class=\"wp-block-image alignwide size-large\"><img loading=\"lazy\" decoding=\"async\" width=\"999\" height=\"667\" src=\"https:\/\/i1.wp.com\/isabellefaure-ccf.fr\/wp-content\/uploads\/2021\/06\/pensive-man-profile-PHU8RBZ_small2.jpg?resize=999%2C667\" alt=\"\" class=\"wp-image-597\" srcset=\"https:\/\/i1.wp.com\/isabellefaure-ccf.fr\/wp-content\/uploads\/2021\/06\/pensive-man-profile-PHU8RBZ_small2.jpg?w=999&amp;ssl=1 999w, https:\/\/i1.wp.com\/isabellefaure-ccf.fr\/wp-content\/uploads\/2021\/06\/pensive-man-profile-PHU8RBZ_small2.jpg?resize=300%2C200&amp;ssl=1 300w, https:\/\/i1.wp.com\/isabellefaure-ccf.fr\/wp-content\/uploads\/2021\/06\/pensive-man-profile-PHU8RBZ_small2.jpg?resize=768%2C513&amp;ssl=1 768w\" sizes=\"auto, (max-width: 999px) 100vw, 999px\" data-recalc-dims=\"1\" \/><figcaption class=\"wp-element-caption\">Ensemble nous apporterons un \u00e9clairage sur ce qui est v\u00e9cu, nous identifierons vos fragilit\u00e9s mais surtout votre potentiel, vos forces parfois insoup\u00e7onn\u00e9es.<br>Nos \u00e9changes vous aideront \u00e0 retrouver la confiance en vous et \u00e0 reprendre en main votre vie.<\/figcaption><\/figure>\n<\/div>\n\n\n\n<div class=\"wp-block-column is-layout-flow wp-block-column-is-layout-flow\">\n<hr class=\"wp-block-separator has-css-opacity is-style-wide\"\/>\n\n\n\n<figure class=\"wp-block-image alignwide size-large\"><img loading=\"lazy\" decoding=\"async\" width=\"1000\" height=\"666\" src=\"https:\/\/i2.wp.com\/isabellefaure-ccf.fr\/wp-content\/uploads\/2021\/06\/stylish-female-and-male-hipsters-sit-on-road-have-44J3JF3_small.jpg?resize=1000%2C666\" alt=\"\" class=\"wp-image-594\" srcset=\"https:\/\/i2.wp.com\/isabellefaure-ccf.fr\/wp-content\/uploads\/2021\/06\/stylish-female-and-male-hipsters-sit-on-road-have-44J3JF3_small.jpg?w=1000&amp;ssl=1 1000w, https:\/\/i2.wp.com\/isabellefaure-ccf.fr\/wp-content\/uploads\/2021\/06\/stylish-female-and-male-hipsters-sit-on-road-have-44J3JF3_small.jpg?resize=300%2C200&amp;ssl=1 300w, https:\/\/i2.wp.com\/isabellefaure-ccf.fr\/wp-content\/uploads\/2021\/06\/stylish-female-and-male-hipsters-sit-on-road-have-44J3JF3_small.jpg?resize=768%2C511&amp;ssl=1 768w\" sizes=\"auto, (max-width: 1000px) 100vw, 1000px\" data-recalc-dims=\"1\" \/><figcaption class=\"wp-element-caption\"><strong>\u00ab Celui qui r\u00e9fl\u00e9chit sur les choses trouve le bonheur \u00bb<br>Prov. 16 v. 20a LSG<br><\/strong><\/figcaption><\/figure>\n<\/div>\n<\/div>\n\n\n\n<div class=\"wp-block-cover alignfull is-light has-parallax\" style=\"min-height:900px;aspect-ratio:unset;\"><div class=\"wp-block-cover__image-background wp-image-604 has-parallax\" style=\"background-position:50% 50%;background-image:url(http:\/\/isabellefaure-ccf.fr\/wp-content\/uploads\/2021\/06\/beautiful-coastal-landscape-pink-sunrise-on-the-en-FA6TH9A_small.jpg)\"><\/div><span aria-hidden=\"true\" class=\"wp-block-cover__background has-black-background-color has-background-dim-10 has-background-dim\"><\/span><div class=\"wp-block-cover__inner-container is-layout-flow wp-block-cover-is-layout-flow\">\n<div class=\"wp-block-columns alignwide are-vertically-aligned-center is-layout-flex wp-container-core-columns-is-layout-9d6595d7 wp-block-columns-is-layout-flex\">\n<div class=\"wp-block-column is-vertically-aligned-center is-layout-flow wp-block-column-is-layout-flow\">\n<p class=\"has-text-align-center has-large-font-size\"><strong>Isabelle FAURE.<\/strong><\/p>\n\n\n\n<hr class=\"wp-block-separator has-css-opacity is-style-wide\"\/>\n\n\n\n<p class=\"has-text-align-center\" style=\"font-size:30px\"><strong>Conseill\u00e8re Conjugale et Familiale.<\/strong><br>Dipl\u00f4m\u00e9e de l\u2019Institut des Sciences de la Famille &#8211; UCLy <br><em>Agr\u00e9\u00e9 par le Minist\u00e8re des Affaires Sociales.<\/em><\/p>\n\n\n\n<p><\/p>\n\n\n\n<p class=\"has-medium-font-size\"><br><strong>Formations<\/strong><br>Formation : Relation d\u2019Aide \u00e0 la personne en souffrance.<br>Formation : Les bases des violences sexuelles.<br>Formation : Sexoth\u00e9rapie avec CNPG Formation.<br><br><strong>Association<\/strong><br>Membre de l\u2019ANCCEF http:\/\/anccef.fr<br><br><strong>Interventions<\/strong><br>Interventions aupr\u00e8s de groupes d\u2019adultes.<br>Interventions aupr\u00e8s de groupes d\u2019adolescents.<br>Professeur de fran\u00e7ais dans le secondaire.<\/p>\n<\/div>\n<\/div>\n<\/div><\/div>\n","protected":false},"excerpt":{"rendered":"","protected":false},"author":2,"featured_media":0,"parent":0,"menu_order":0,"comment_status":"closed","ping_status":"closed","template":"","meta":{"om_disable_all_campaigns":false,"_monsterinsights_skip_tracking":false,"_monsterinsights_sitenote_active":false,"_monsterinsights_sitenote_note":"","_monsterinsights_sitenote_category":0,"spay_email":"","footnotes":""},"class_list":["post-297","page","type-page","status-publish","hentry"],"_links":{"self":[{"href":"https:\/\/isabellefaure-ccf.fr\/index.php\/wp-json\/wp\/v2\/pages\/297","targetHints":{"allow":["GET"]}}],"collection":[{"href":"https:\/\/isabellefaure-ccf.fr\/index.php\/wp-json\/wp\/v2\/pages"}],"about":[{"href":"https:\/\/isabellefaure-ccf.fr\/index.php\/wp-json\/wp\/v2\/types\/page"}],"author":[{"embeddable":true,"href":"https:\/\/isabellefaure-ccf.fr\/index.php\/wp-json\/wp\/v2\/users\/2"}],"replies":[{"embeddable":true,"href":"https:\/\/isabellefaure-ccf.fr\/index.php\/wp-json\/wp\/v2\/comments?post=297"}],"version-history":[{"count":88,"href":"https:\/\/isabellefaure-ccf.fr\/index.php\/wp-json\/wp\/v2\/pages\/297\/revisions"}],"predecessor-version":[{"id":803,"href":"https:\/\/isabellefaure-ccf.fr\/index.php\/wp-json\/wp\/v2\/pages\/297\/revisions\/803"}],"wp:attachment":[{"href":"https:\/\/isabellefaure-ccf.fr\/index.php\/wp-json\/wp\/v2\/media?parent=297"}],"curies":[{"name":"wp","href":"https:\/\/api.w.org\/{rel}","templated":true}]}}